{"id":147,"date":"2021-09-08T12:59:11","date_gmt":"2021-09-08T12:59:11","guid":{"rendered":"https:\/\/ahornflex.cz\/?page_id=147"},"modified":"2022-06-29T08:58:18","modified_gmt":"2022-06-29T08:58:18","slug":"homepage","status":"publish","type":"page","link":"https:\/\/ahornflex.marketsoul.cz\/de\/","title":{"rendered":"Homepage"},"content":{"rendered":"","protected":false},"excerpt":{"rendered":"","protected":false},"author":1,"featured_media":134,"parent":0,"menu_order":0,"comment_status":"closed","ping_status":"open","template":"templates\/homepage.php","meta":{"_acf_changed":false,"inline_featured_image":false,"footnotes":""},"class_list":["post-147","page","type-page","status-publish","has-post-thumbnail","hentry"],"acf":[],"yoast_head":"<!-- This site is optimized with the Yoast SEO plugin v27.5 - https:\/\/yoast.com\/product\/yoast-seo-wordpress\/ -->\n<title>AHORNFLEX\u00ae Matratzen | Technologie f\u00fcr gesunden Schlaf<\/title>\n<meta name=\"description\" content=\"AHORNFLEX\u00ae Aktivschaum-System f\u00fcr eine perfekte Regeneration Ihres K\u00f6rpers w\u00e4hrend des Schlafs\" \/>\n<meta name=\"robots\" content=\"noindex, follow, max-snippet:-1, max-image-preview:large, max-video-preview:-1\" \/>\n<meta property=\"og:locale\" content=\"de_DE\" \/>\n<meta property=\"og:type\" content=\"article\" \/>\n<meta property=\"og:title\" content=\"AHORNFLEX\u00ae Matratzen | Technologie f\u00fcr gesunden Schlaf\" \/>\n<meta property=\"og:description\" content=\"AHORNFLEX\u00ae Aktivschaum-System f\u00fcr eine perfekte Regeneration Ihres K\u00f6rpers w\u00e4hrend des Schlafs\" \/>\n<meta property=\"og:url\" content=\"https:\/\/ahornflex.marketsoul.cz\/de\/\" \/>\n<meta property=\"og:site_name\" content=\"AhornFlex\" \/>\n<meta property=\"article:modified_time\" content=\"2022-06-29T08:58:18+00:00\" \/>\n<meta property=\"og:image\" content=\"https:\/\/ahornflex.marketsoul.cz\/wp-content\/uploads\/2021\/09\/banner@2x-scaled.jpeg\" \/>\n\t<meta property=\"og:image:width\" content=\"2560\" \/>\n\t<meta property=\"og:image:height\" content=\"1225\" \/>\n\t<meta property=\"og:image:type\" content=\"image\/jpeg\" \/>\n<meta name=\"twitter:card\" content=\"summary_large_image\" \/>\n<script type=\"application\/ld+json\" class=\"yoast-schema-graph\">{\"@context\":\"https:\\\/\\\/schema.org\",\"@graph\":[{\"@type\":\"WebPage\",\"@id\":\"https:\\\/\\\/ahornflex.marketsoul.cz\\\/de\\\/\",\"url\":\"https:\\\/\\\/ahornflex.marketsoul.cz\\\/de\\\/\",\"name\":\"AHORNFLEX\u00ae Matratzen | Technologie f\u00fcr gesunden Schlaf\",\"isPartOf\":{\"@id\":\"https:\\\/\\\/ahornflex.marketsoul.cz\\\/#website\"},\"primaryImageOfPage\":{\"@id\":\"https:\\\/\\\/ahornflex.marketsoul.cz\\\/de\\\/#primaryimage\"},\"image\":{\"@id\":\"https:\\\/\\\/ahornflex.marketsoul.cz\\\/de\\\/#primaryimage\"},\"thumbnailUrl\":\"https:\\\/\\\/ahornflex.marketsoul.cz\\\/wp-content\\\/uploads\\\/2021\\\/09\\\/banner@2x-scaled.jpeg\",\"datePublished\":\"2021-09-08T12:59:11+00:00\",\"dateModified\":\"2022-06-29T08:58:18+00:00\",\"description\":\"AHORNFLEX\u00ae Aktivschaum-System f\u00fcr eine perfekte Regeneration Ihres K\u00f6rpers w\u00e4hrend des Schlafs\",\"breadcrumb\":{\"@id\":\"https:\\\/\\\/ahornflex.marketsoul.cz\\\/de\\\/#breadcrumb\"},\"inLanguage\":\"de\",\"potentialAction\":[{\"@type\":\"ReadAction\",\"target\":[\"https:\\\/\\\/ahornflex.marketsoul.cz\\\/de\\\/\"]}]},{\"@type\":\"ImageObject\",\"inLanguage\":\"de\",\"@id\":\"https:\\\/\\\/ahornflex.marketsoul.cz\\\/de\\\/#primaryimage\",\"url\":\"https:\\\/\\\/ahornflex.marketsoul.cz\\\/wp-content\\\/uploads\\\/2021\\\/09\\\/banner@2x-scaled.jpeg\",\"contentUrl\":\"https:\\\/\\\/ahornflex.marketsoul.cz\\\/wp-content\\\/uploads\\\/2021\\\/09\\\/banner@2x-scaled.jpeg\",\"width\":2560,\"height\":1225},{\"@type\":\"BreadcrumbList\",\"@id\":\"https:\\\/\\\/ahornflex.marketsoul.cz\\\/de\\\/#breadcrumb\",\"itemListElement\":[{\"@type\":\"ListItem\",\"position\":1,\"name\":\"Home\",\"item\":\"https:\\\/\\\/ahornflex.marketsoul.cz\\\/de\\\/\"},{\"@type\":\"ListItem\",\"position\":2,\"name\":\"Homepage\"}]},{\"@type\":\"WebSite\",\"@id\":\"https:\\\/\\\/ahornflex.marketsoul.cz\\\/#website\",\"url\":\"https:\\\/\\\/ahornflex.marketsoul.cz\\\/\",\"name\":\"AhornFlex\",\"description\":\"ro\u0161ty, postele, matrace - v\u0161e pod jednou st\u0159echou. D\u00edky na\u0161\u00ed ucelen\u00e9 nab\u00eddce po\u0159\u00edd\u00edte v\u0161e pro V\u00e1\u0161 zdrav\u00fd sp\u00e1nek snadno a rychle. Sv\u011b\u0159te sp\u00e1nek do na\u0161ich rukou.\",\"potentialAction\":[{\"@type\":\"SearchAction\",\"target\":{\"@type\":\"EntryPoint\",\"urlTemplate\":\"https:\\\/\\\/ahornflex.marketsoul.cz\\\/?s={search_term_string}\"},\"query-input\":{\"@type\":\"PropertyValueSpecification\",\"valueRequired\":true,\"valueName\":\"search_term_string\"}}],\"inLanguage\":\"de\"}]}<\/script>\n<!-- \/ Yoast SEO plugin. -->","yoast_head_json":{"title":"AHORNFLEX\u00ae Matratzen | Technologie f\u00fcr gesunden Schlaf","description":"AHORNFLEX\u00ae Aktivschaum-System f\u00fcr eine perfekte Regeneration Ihres K\u00f6rpers w\u00e4hrend des Schlafs","robots":{"index":"noindex","follow":"follow","max-snippet":"max-snippet:-1","max-image-preview":"max-image-preview:large","max-video-preview":"max-video-preview:-1"},"og_locale":"de_DE","og_type":"article","og_title":"AHORNFLEX\u00ae Matratzen | Technologie f\u00fcr gesunden Schlaf","og_description":"AHORNFLEX\u00ae Aktivschaum-System f\u00fcr eine perfekte Regeneration Ihres K\u00f6rpers w\u00e4hrend des Schlafs","og_url":"https:\/\/ahornflex.marketsoul.cz\/de\/","og_site_name":"AhornFlex","article_modified_time":"2022-06-29T08:58:18+00:00","og_image":[{"width":2560,"height":1225,"url":"https:\/\/ahornflex.marketsoul.cz\/wp-content\/uploads\/2021\/09\/banner@2x-scaled.jpeg","type":"image\/jpeg"}],"twitter_card":"summary_large_image","schema":{"@context":"https:\/\/schema.org","@graph":[{"@type":"WebPage","@id":"https:\/\/ahornflex.marketsoul.cz\/de\/","url":"https:\/\/ahornflex.marketsoul.cz\/de\/","name":"AHORNFLEX\u00ae Matratzen | Technologie f\u00fcr gesunden Schlaf","isPartOf":{"@id":"https:\/\/ahornflex.marketsoul.cz\/#website"},"primaryImageOfPage":{"@id":"https:\/\/ahornflex.marketsoul.cz\/de\/#primaryimage"},"image":{"@id":"https:\/\/ahornflex.marketsoul.cz\/de\/#primaryimage"},"thumbnailUrl":"https:\/\/ahornflex.marketsoul.cz\/wp-content\/uploads\/2021\/09\/banner@2x-scaled.jpeg","datePublished":"2021-09-08T12:59:11+00:00","dateModified":"2022-06-29T08:58:18+00:00","description":"AHORNFLEX\u00ae Aktivschaum-System f\u00fcr eine perfekte Regeneration Ihres K\u00f6rpers w\u00e4hrend des Schlafs","breadcrumb":{"@id":"https:\/\/ahornflex.marketsoul.cz\/de\/#breadcrumb"},"inLanguage":"de","potentialAction":[{"@type":"ReadAction","target":["https:\/\/ahornflex.marketsoul.cz\/de\/"]}]},{"@type":"ImageObject","inLanguage":"de","@id":"https:\/\/ahornflex.marketsoul.cz\/de\/#primaryimage","url":"https:\/\/ahornflex.marketsoul.cz\/wp-content\/uploads\/2021\/09\/banner@2x-scaled.jpeg","contentUrl":"https:\/\/ahornflex.marketsoul.cz\/wp-content\/uploads\/2021\/09\/banner@2x-scaled.jpeg","width":2560,"height":1225},{"@type":"BreadcrumbList","@id":"https:\/\/ahornflex.marketsoul.cz\/de\/#breadcrumb","itemListElement":[{"@type":"ListItem","position":1,"name":"Home","item":"https:\/\/ahornflex.marketsoul.cz\/de\/"},{"@type":"ListItem","position":2,"name":"Homepage"}]},{"@type":"WebSite","@id":"https:\/\/ahornflex.marketsoul.cz\/#website","url":"https:\/\/ahornflex.marketsoul.cz\/","name":"AhornFlex","description":"ro\u0161ty, postele, matrace - v\u0161e pod jednou st\u0159echou. D\u00edky na\u0161\u00ed ucelen\u00e9 nab\u00eddce po\u0159\u00edd\u00edte v\u0161e pro V\u00e1\u0161 zdrav\u00fd sp\u00e1nek snadno a rychle. Sv\u011b\u0159te sp\u00e1nek do na\u0161ich rukou.","potentialAction":[{"@type":"SearchAction","target":{"@type":"EntryPoint","urlTemplate":"https:\/\/ahornflex.marketsoul.cz\/?s={search_term_string}"},"query-input":{"@type":"PropertyValueSpecification","valueRequired":true,"valueName":"search_term_string"}}],"inLanguage":"de"}]}},"_links":{"self":[{"href":"https:\/\/ahornflex.marketsoul.cz\/de\/wp-json\/wp\/v2\/pages\/147","targetHints":{"allow":["GET"]}}],"collection":[{"href":"https:\/\/ahornflex.marketsoul.cz\/de\/wp-json\/wp\/v2\/pages"}],"about":[{"href":"https:\/\/ahornflex.marketsoul.cz\/de\/wp-json\/wp\/v2\/types\/page"}],"author":[{"embeddable":true,"href":"https:\/\/ahornflex.marketsoul.cz\/de\/wp-json\/wp\/v2\/users\/1"}],"replies":[{"embeddable":true,"href":"https:\/\/ahornflex.marketsoul.cz\/de\/wp-json\/wp\/v2\/comments?post=147"}],"version-history":[{"count":50,"href":"https:\/\/ahornflex.marketsoul.cz\/de\/wp-json\/wp\/v2\/pages\/147\/revisions"}],"predecessor-version":[{"id":573,"href":"https:\/\/ahornflex.marketsoul.cz\/de\/wp-json\/wp\/v2\/pages\/147\/revisions\/573"}],"wp:featuredmedia":[{"embeddable":true,"href":"https:\/\/ahornflex.marketsoul.cz\/de\/wp-json\/wp\/v2\/media\/134"}],"wp:attachment":[{"href":"https:\/\/ahornflex.marketsoul.cz\/de\/wp-json\/wp\/v2\/media?parent=147"}],"curies":[{"name":"wp","href":"https:\/\/api.w.org\/{rel}","templated":true}]}}